{"id":1028,"date":"2019-06-11T09:50:44","date_gmt":"2019-06-11T09:50:44","guid":{"rendered":"https:\/\/themes.getmotopress.com\/luviana\/?page_id=13"},"modified":"2022-05-18T11:30:17","modified_gmt":"2022-05-18T11:30:17","slug":"benvenuti-in-puglia","status":"publish","type":"page","link":"https:\/\/pg-sudtravel.com\/en\/home\/benvenuti-in-puglia\/","title":{"rendered":"Welcome to Puglia"},"content":{"rendered":"<p> <\/p>\n\n\n\n<!--more-->\n\n\n\n<div class=\"wp-block-getwid-section alignfull alignfull getwid-margin-top-none getwid-margin-bottom-none\"><div class=\"wp-block-getwid-section__wrapper getwid-padding-top-medium getwid-padding-bottom-none getwid-padding-left-medium getwid-padding-right-medium getwid-padding-mobile-left-small getwid-padding-mobile-right-small\" style=\"margin-right:14px\"><div class=\"wp-block-getwid-section__inner-wrapper\"><div class=\"wp-block-getwid-section__background-holder\"><div class=\"wp-block-getwid-section__background\"><\/div><div class=\"wp-block-getwid-section__foreground\"><\/div><\/div><div class=\"wp-block-getwid-section__content\"><div class=\"wp-block-getwid-section__inner-content\">\n<div class=\"wp-block-columns has-2-columns is-layout-flex wp-container-core-columns-is-layout-9d6595d7 wp-block-columns-is-layout-flex\">\n<div class=\"wp-block-column is-layout-flow wp-block-column-is-layout-flow\">\n<div class=\"wp-block-getwid-advanced-heading is-style-style-1 has-custom-font-size\" style=\"font-size:12px;margin-bottom:20px\"><p class=\"wp-block-getwid-advanced-heading__content\" style=\"letter-spacing:1px\"><\/p><\/div>\n\n\n\n<div class=\"wp-block-getwid-advanced-heading is-style-default has-custom-font-size\" style=\"font-size:40px\"><h2 class=\"wp-block-getwid-advanced-heading__content has-text-color\" style=\"color:#263780\"><strong>Welcome to P&amp;G Sud Travel<\/strong><\/h2><\/div>\n<\/div>\n\n\n\n<div class=\"wp-block-column is-layout-flow wp-block-column-is-layout-flow\">\n<p><\/p>\n\n\n\n<p><\/p>\n\n\n\n<p><\/p>\n\n\n\n<p class=\"has-medium-font-size\">Our holiday apartments are lovingly furnished and very well maintained<\/p>\n\n\n\n<p class=\"has-medium-font-size\">Alle Wohnungen haben wir so eingerichtet, dass Sie sich bei uns wohlf\u00fchlen k\u00f6nnen.<br>Gem\u00fctliche Betten im Schlafzimmer, Sofas mit zus\u00e4tzlicher Schlafm\u00f6glichkeit, Flachbildfernseher die K\u00fcche und vieles mehr sorgen daf\u00fcr, dass Sie Sich auch im Urlaub wie zu Hause f\u00fchlen k\u00f6nnen.<\/p>\n\n\n\n<p> <\/p>\n<\/div>\n<\/div>\n\n\n\n<p><\/p>\n\n\n\n<p><\/p>\n\n\n\n<p><\/p>\n\n\n\n<p><\/p>\n\n\n\n<p><\/p>\n\n\n\n<p><\/p>\n<\/div><\/div><\/div><\/div><\/div>\n\n\n\n<div class=\"wp-block-columns alignfull are-vertically-aligned-center is-layout-flex wp-container-core-columns-is-layout-9d6595d7 wp-block-columns-is-layout-flex\">\n<div class=\"wp-block-column is-vertically-aligned-center is-layout-flow wp-block-column-is-layout-flow\" style=\"flex-basis:100%\">\n<div class=\"wp-block-columns is-layout-flex wp-container-core-columns-is-layout-9d6595d7 wp-block-columns-is-layout-flex\">\n<div class=\"wp-block-column is-vertically-aligned-top is-layout-flow wp-block-column-is-layout-flow\" style=\"flex-basis:100%\">\n<div class=\"wp-block-image-comparison-image-comparison\"><div class=\"eb-image-comparison-wrapper eb-image-comparison-7w3bcah eb-image-comparison-align-center eb-label-horizontal-center\" data-left-image=\"http:\/\/pg-sudtravel.com\/wp-content\/uploads\/2021\/08\/51A0339-scaled.jpg\" data-right-image=\"http:\/\/pg-sudtravel.com\/wp-content\/uploads\/2021\/08\/51A0270-scaled.jpg\" data-vertical-mode=\"false\" data-hover=\"false\" data-show-label=\"false\" data-left-label=\"Before\" data-right-label=\"After\" data-slider-position=\"50\" data-line-width=\"4\" data-handle=\"false\"><\/div><\/div>\n<\/div>\n<\/div>\n<\/div>\n<\/div>\n\n\n\n<p><\/p>","protected":false},"excerpt":{"rendered":"","protected":false},"author":1,"featured_media":1520,"parent":1027,"menu_order":0,"comment_status":"closed","ping_status":"closed","template":"","meta":{"inline_featured_image":false,"footnotes":""},"class_list":["post-1028","page","type-page","status-publish","has-post-thumbnail","hentry"],"_links":{"self":[{"href":"https:\/\/pg-sudtravel.com\/en\/wp-json\/wp\/v2\/pages\/1028","targetHints":{"allow":["GET"]}}],"collection":[{"href":"https:\/\/pg-sudtravel.com\/en\/wp-json\/wp\/v2\/pages"}],"about":[{"href":"https:\/\/pg-sudtravel.com\/en\/wp-json\/wp\/v2\/types\/page"}],"author":[{"embeddable":true,"href":"https:\/\/pg-sudtravel.com\/en\/wp-json\/wp\/v2\/users\/1"}],"replies":[{"embeddable":true,"href":"https:\/\/pg-sudtravel.com\/en\/wp-json\/wp\/v2\/comments?post=1028"}],"version-history":[{"count":14,"href":"https:\/\/pg-sudtravel.com\/en\/wp-json\/wp\/v2\/pages\/1028\/revisions"}],"predecessor-version":[{"id":1703,"href":"https:\/\/pg-sudtravel.com\/en\/wp-json\/wp\/v2\/pages\/1028\/revisions\/1703"}],"up":[{"embeddable":true,"href":"https:\/\/pg-sudtravel.com\/en\/wp-json\/wp\/v2\/pages\/1027"}],"wp:featuredmedia":[{"embeddable":true,"href":"https:\/\/pg-sudtravel.com\/en\/wp-json\/wp\/v2\/media\/1520"}],"wp:attachment":[{"href":"https:\/\/pg-sudtravel.com\/en\/wp-json\/wp\/v2\/media?parent=1028"}],"curies":[{"name":"wp","href":"https:\/\/api.w.org\/{rel}","templated":true}]}}